{"id":693,"date":"2020-10-18T13:10:19","date_gmt":"2020-10-18T10:10:19","guid":{"rendered":"https:\/\/startertemplatecloud.com\/e01\/?page_id=693"},"modified":"2025-04-09T09:07:05","modified_gmt":"2025-04-09T07:07:05","slug":"blog","status":"publish","type":"page","link":"https:\/\/www.rehabilitacepsu.cz\/?page_id=693","title":{"rendered":"SLU\u017dBY"},"content":{"rendered":"\t\t<div data-elementor-type=\"wp-page\" data-elementor-id=\"693\" class=\"elementor elementor-693\">\n\t\t\t\t<div class=\"elementor-element elementor-element-e952f13 e-flex e-con-boxed e-con e-parent\" data-id=\"e952f13\" data-element_type=\"container\">\n\t\t\t\t\t<div class=\"e-con-inner\">\n\t\t<div class=\"elementor-element elementor-element-867d57a e-con-full e-flex e-con e-child\" data-id=\"867d57a\" data-element_type=\"container\">\n\t\t\t\t<\/div>\n\t\t<div class=\"elementor-element elementor-element-eeb7e97 e-con-full e-flex e-con e-child\" data-id=\"eeb7e97\" data-element_type=\"container\">\n\t\t\t\t<\/div>\n\t\t<div class=\"elementor-element elementor-element-37ecf06 e-con-full e-flex e-con e-child\" data-id=\"37ecf06\" data-element_type=\"container\">\n\t\t\t\t<div class=\"elementor-element elementor-element-04572e6 elementor-widget elementor-widget-text-editor\" data-id=\"04572e6\" data-element_type=\"widget\" data-widget_type=\"text-editor.default\">\n\t\t\t\t<div class=\"elementor-widget-container\">\n\t\t\t\t\t\t\t\t\t<h4><strong>Mas\u00e1\u017ee<\/strong><\/h4><p>P\u0159in\u00e1\u0161ej\u00ed \u00falevu p\u0159i namo\u017een\u00ed sval\u016f, p\u0159i bolestech sval\u016f a odstra\u0148uj\u00ed svalov\u00e9 nap\u011bt\u00ed. Zm\u00edr\u0148uj\u00ed svalovou atrofii.<\/p><p>Zlep\u0161uj\u00ed prokrven\u00ed svalstva a podporuj\u00ed cirkulaci m\u00edzn\u00edch tekutin. Pom\u00e1haj\u00ed odstranit svalovou ztuhlost a spasmy.\u00a0 Skv\u011ble p\u016fsob\u00ed na psychiku psa. Odstra\u0148uj\u00ed bolest a zabra\u0148uj\u00ed sr\u016fstu svalov\u00fdch vl\u00e1ken. Mas\u00e1\u017ee jsou \u00fa\u017easnou prevenc\u00ed, velmi sni\u017euj\u00ed riziko \u00farazu p\u0159i v\u00fdkonu, sni\u017euj\u00ed stres, zlep\u0161uj\u00ed v\u00fdkon.<\/p><p><strong>Mas\u00e1\u017ee jsou zejm\u00e9na vhodn\u00e9 pro psy:<\/strong><\/p><ul><li>sportovce<\/li><li>seniory<\/li><li>v rekonvalescenci<\/li><li>pracovn\u011b vyu\u017e\u00edvan\u00e9 (canisterapie, slu\u017eebn\u00ed psi, \u2026)<\/li><li>s pohybov\u00fdmi obt\u00ed\u017eemi<\/li><li>b\u00e1zliv\u00e9 \u010di stresovan\u00e9<\/li><\/ul><p><strong>\u00a0<\/strong><strong>Kontraindikace aneb kdy pejska nemas\u00edrujeme:<\/strong><\/p><ul><li>akutn\u00ed z\u00e1n\u011bt, hore\u010dka, infek\u010dn\u00ed stavy<\/li><li>onkologick\u00e9 onemocn\u011bn\u00ed<\/li><li>b\u0159ezost<\/li><li>\u00farazy, otev\u0159en\u00e9 r\u00e1ny<\/li><li>natr\u017een\u00e9 svaly, pohmo\u017ed\u011bniny<\/li><li>ko\u017en\u00ed onemocn\u011bn\u00ed<\/li><li>zlomeniny<\/li><li>po krmen\u00ed (od posledn\u00edho krmen\u00ed mus\u00ed ub\u011bhnout alespo\u0148 3 hodiny)<\/li><\/ul>\t\t\t\t\t\t\t\t<\/div>\n\t\t\t\t<\/div>\n\t\t\t\t<\/div>\n\t\t<div class=\"elementor-element elementor-element-0e0dc9d e-con-full e-flex e-con e-child\" data-id=\"0e0dc9d\" data-element_type=\"container\">\n\t\t\t\t<div class=\"elementor-element elementor-element-e0e8cac elementor-widget elementor-widget-text-editor\" data-id=\"e0e8cac\" data-element_type=\"widget\" data-widget_type=\"text-editor.default\">\n\t\t\t\t<div class=\"elementor-widget-container\">\n\t\t\t\t\t\t\t\t\t<h4><strong>LASERTERAPIE<\/strong><\/h4><p>Lasarterapie je \u00fa\u010dinn\u00e1 p\u0159i terapii r\u016fzn\u00fdch probl\u00e9m\u016f pohybov\u00e9ho apar\u00e1tu &#8211; nap\u0159.: z\u00e1n\u011btliv\u00e9 stavy a degenerativn\u00ed onemocn\u011bn\u00ed kloub\u016f, svalov\u00e9 kontraktury, trigger pointy (m\u00edsta se zv\u00fd\u0161en\u00fdm svalov\u00fdm nap\u011bt\u00edm), probl\u00e9my s jizvami, s vazy, tendinopatie (probl\u00e9my se \u0161lachami). V\u00fdrazn\u011b ulevuje od bolesti a pravideln\u00e1 terapie m\u016f\u017ee nahradit u\u017e\u00edv\u00e1n\u00ed pr\u00e1\u0161k\u016f na bolest (po porad\u011b s veterin\u00e1rn\u00edm l\u00e9ka\u0159em). Terapeutick\u00fd laser vyu\u017e\u00edv\u00e1me pro celkovou podporu a urychlen\u00ed hojen\u00ed tk\u00e1n\u00ed, zv\u00fd\u0161en\u00ed efektu rehabilitace a pro \u0159e\u0161en\u00ed chronick\u00fdch z\u00e1n\u011bt\u016f, otok\u016f, aj.<\/p><p>K terapii pou\u017e\u00edv\u00e1m \u0161pi\u010dkov\u00fd vysokov\u00fdkonn\u00fd veterin\u00e1rn\u00ed laser zna\u010dky ASAlaser, jeho\u017e pozitivn\u00ed \u00fa\u010dinky jsou podlo\u017eeny v\u011bdeck\u00fdmi studiemi a dlouholet\u00fdm v\u00fdvojem.<\/p><p>R\u00e1da bych V\u00e1s sezn\u00e1mila s \u00fa\u010dinky &#8211; z\u00e1\u0159en\u00ed prostupuje tk\u00e1n\u011bmi a \u00fa\u010dinkuje na bun\u011b\u010dn\u00e9 \u00farovni &#8211; zvy\u0161uje tvorbu bun\u011b\u010dn\u00e9 energie p\u016fsoben\u00edm na mitochondrie, kter\u00e9 funguj\u00ed jako mal\u00e9 bun\u011b\u010dn\u00e9 elektr\u00e1rny.<\/p><p>Na \u00farovni tk\u00e1n\u00ed doch\u00e1z\u00ed k p\u0159em\u011bn\u011b z\u00e1n\u011btliv\u00e9ho procesu a obnov\u011b po\u0161kozen\u00fdch svalov\u00fdch vl\u00e1ken. Produkuj\u00ed se proteiny, kter\u00e9 dok\u00e1\u017e\u00ed vyvol\u00e1vat novotvorbu krevn\u00edch kapil\u00e1r a regeneraci nervov\u00fdch vl\u00e1ken a t\u00edm podpo\u0159\u00ed funkci nerv\u016f a zlep\u0161ovat c\u00e9vn\u00ed z\u00e1soben\u00ed. Laser urychluje vst\u0159eb\u00e1v\u00e1n\u00ed otok\u016f. Jedn\u00edm z velmi d\u016fle\u017eit\u00fdch \u00fa\u010dink\u016f laseru je sn\u00ed\u017een\u00ed bolesti, z\u00e1n\u011btu a otoku.<\/p><p>\u00da\u010dinky laseru<\/p><ul><li>protiz\u00e1n\u011btliv\u00fd<\/li><li>redukce\u00a0 bolesti<\/li><li>okam\u017eit\u00e9 lok\u00e1ln\u00ed zlep\u0161en\u00ed cirkulace krve<\/li><li>uvoln\u011bn\u00ed svalov\u00fdch spasm\u016f<\/li><li>sn\u00ed\u017een\u00ed otoku, zrychlen\u00ed vst\u0159eb\u00e1v\u00e1n\u00ed otok\u016f<\/li><li>Urychluje hojen\u00ed tk\u00e1n\u00ed a nervov\u00e9 regenerace<\/li><\/ul><p>Vyu\u017eit\u00ed u r\u016fzn\u00fdch diagn\u00f3z<\/p><ul><li>dermatologick\u00e9 probl\u00e9my, nehoj\u00edc\u00ed se r\u00e1ny<\/li><li>Ko\u017en\u00ed probl\u00e9my &#8211; Alopecie, bakteri\u00e1ln\u00ed ko\u017en\u00ed infekce, hot spoty, Povrchov\u00e9 ko\u017en\u00ed l\u00e9ze (r\u00e1ny a v\u0159edy)<\/li><li>Hematomy a otok<\/li><li>Degenerativn\u00ed kloubn\u00ed onemocn\u011bn\u00ed<\/li><li>Onemocn\u011bn\u00ed plot\u00e9nek, nervov\u00e9ho syst\u00e9mu<\/li><li>Fraktury<\/li><li>L\u00e9\u010dba chirurgick\u00fdch ran<\/li><li>Svalov\u00e9 kontraktury, natr\u017een\u00ed a nata\u017een\u00ed sval\u016f a vaz\u016f, spou\u0161\u0165ov\u00e9 body, \u0161lachov\u00e9 l\u00e9ze (akutn\u00ed i chronick\u00e9)<\/li><li>Bolest a z\u00e1n\u011bt<\/li><li>Perian\u00e1ln\u00ed p\u00ed\u0161t\u011ble<\/li><\/ul><p>P\u0159i laserov\u00e1n\u00ed pes nec\u00edt\u00ed nic, krom\u011b mo\u017en\u00e9ho m\u00edrn\u00e9ho tepla, \u00falevy od bolesti a uvoln\u011bn\u00ed. O\u0161et\u0159en\u00ed v\u011bt\u0161inou trv\u00e1 n\u011bkolik minut podle velikosti o\u0161et\u0159ovan\u00e9 oblasti. Pes le\u017e\u00ed pohodln\u011b na \u017e\u00edn\u011bnce a o\u0161et\u0159uj\u00edc\u00ed i majitel maj\u00ed nasazen\u00e9 ochrann\u00e9 br\u00fdle.<\/p><p>Kdy k n\u00e1m na laser? Laser lze pou\u017e\u00edt den po operaci a je to naprosto bezpe\u010dn\u00e1 metoda, jak sn\u00ed\u017eit poopera\u010dn\u00ed otok, bolest, z\u00e1n\u011bt a nastartovat hojen\u00ed.<\/p>\t\t\t\t\t\t\t\t<\/div>\n\t\t\t\t<\/div>\n\t\t\t\t<\/div>\n\t\t\t\t\t<\/div>\n\t\t\t\t<\/div>\n\t\t<div class=\"elementor-element elementor-element-0290621 e-flex e-con-boxed e-con e-parent\" data-id=\"0290621\" data-element_type=\"container\">\n\t\t\t\t\t<div class=\"e-con-inner\">\n\t\t<div class=\"elementor-element elementor-element-71155e0 e-grid e-con-full e-con e-child\" data-id=\"71155e0\" data-element_type=\"container\">\n\t\t\t\t<div class=\"elementor-element elementor-element-94832ec elementor-widget elementor-widget-text-editor\" data-id=\"94832ec\" data-element_type=\"widget\" data-widget_type=\"text-editor.default\">\n\t\t\t\t<div class=\"elementor-widget-container\">\n\t\t\t\t\t\t\t\t\t<h4><strong>P\u00e9\u010de o ps\u00ed sportovce<\/strong><\/h4><p>Dle l\u00e9ka\u0159\u016f zdrav\u00fd pes, pro n\u00e1s pes se specifickou p\u00e9\u010d\u00ed<\/p><p>Sportovn\u00ed fyzioterapie je mraven\u010d\u00ed pr\u00e1ce a terapeut se mus\u00ed zam\u011b\u0159ovat na skute\u010dn\u011b drobn\u00e9 detaily. Fyzioterapeut se mus\u00ed zam\u011b\u0159it na jednotliv\u00e9 pohybov\u00e9 stereotypy, kter\u00e9 jsou specifick\u00e9 pro konkr\u00e9tn\u00edho psa i konkr\u00e9tn\u00ed discipl\u00ednu.<\/p><p>D\u016fle\u017eit\u00e1 je hlavn\u011b prevence<\/p><p>Dnes se majitel\u00e9 sna\u017e\u00ed o co maxim\u00e1ln\u00ed p\u00e9\u010di u sv\u00fdch sportuj\u00edc\u00edch ps\u016f. Obecn\u00e9 z\u00e1sady, jako je kvalitn\u00ed rozeh\u0159\u00e1t\u00ed p\u0159ed v\u00fdkonem a zklidn\u011bn\u00ed po v\u00fdkonu, aktivn\u00ed stre\u010dink, se st\u00e1vaj\u00ed sou\u010d\u00e1st\u00ed tr\u00e9nink\u016f. \u010c\u00edm v\u00edce majitel\u00e9 se sv\u00fdmi psy sportuj\u00ed, t\u00edm v\u00edce si za\u010d\u00ednaj\u00ed v\u0161\u00edmat d\u016fle\u017eit\u00fdch drobn\u00fdch odchylek v chov\u00e1n\u00ed psa, ale i v jeho pohybu.<\/p>\t\t\t\t\t\t\t\t<\/div>\n\t\t\t\t<\/div>\n\t\t\t\t<div class=\"elementor-element elementor-element-b6d5d24 elementor-widget elementor-widget-text-editor\" data-id=\"b6d5d24\" data-element_type=\"widget\" data-widget_type=\"text-editor.default\">\n\t\t\t\t<div class=\"elementor-widget-container\">\n\t\t\t\t\t\t\t\t\t<h4><strong>Balan\u010dn\u00ed cvi\u010den\u00ed<\/strong><\/h4><p>Cvi\u010den\u00ed na r\u016fzn\u00fdch druz\u00edch nestabiln\u00edch ploch je hojn\u011b vyu\u017e\u00edv\u00e1no v lidsk\u00e9 rehabilitaci, a to s velice dobr\u00fdmi v\u00fdsledky. Na balan\u010dn\u00edch pom\u016fck\u00e1ch mohou ov\u0161em efektivn\u011b cvi\u010dit nejen lid\u00e9 v\u0161ech v\u011bkov\u00fdch kategori\u00ed, ale i v\u00e1\u0161 pejsek.<\/p><p><strong>Takov\u00e9 cvi\u010den\u00ed pom\u00e1h\u00e1 zejm\u00e9na:<\/strong><\/p><ul><li>pos\u00edlit hlubok\u00fd stabiliza\u010dn\u00ed syst\u00e9m a nes\u010detn\u00e9 mno\u017estv\u00ed sval\u016f<\/li><li>dostat pejska zp\u011bt do kondice po \u00farazech \u010di operac\u00edch<\/li><li>zlep\u0161it koordinaci pohyb\u016f, obratnost a soust\u0159ed\u011bn\u00ed<\/li><li>tr\u00e9novat propriocepci<\/li><li>udr\u017eet ps\u00ed seniory v dobr\u00e9 kondici<\/li><\/ul><p>Ned\u00edlnou sou\u010d\u00e1st\u00ed cvi\u010den\u00ed na balan\u010dn\u00edch pom\u016fck\u00e1ch je zah\u0159\u00e1t\u00ed pejska, v\u00fdb\u011br spr\u00e1vn\u00fdch cvik\u016f a z\u00e1v\u011bre\u010dn\u00e9 prota\u017een\u00ed.<\/p>\t\t\t\t\t\t\t\t<\/div>\n\t\t\t\t<\/div>\n\t\t\t\t<div class=\"elementor-element elementor-element-ecd34e1 elementor-widget elementor-widget-text-editor\" data-id=\"ecd34e1\" data-element_type=\"widget\" data-widget_type=\"text-editor.default\">\n\t\t\t\t<div class=\"elementor-widget-container\">\n\t\t\t\t\t\t\t\t\t<h4><strong>ELEKTROPUNKTURA<\/strong><\/h4><p>bezjehlov\u00e1 akupunktura (Lee a kol., 2011), je ozna\u010den\u00ed pro l\u00e9\u010debnou metodu, p\u0159i kter\u00e9 se pou\u017e\u00edv\u00e1 bodov\u00fdch elektrod, kter\u00e9 se p\u0159ikl\u00e1daj\u00ed na povrch k\u016f\u017ee do m\u00edsta akupunkturn\u00edch bod\u016f. Elektropunktura pou\u017e\u00edv\u00e1 k dr\u00e1\u017ed\u011bn\u00ed akupunkturn\u00edho bodu nepatrn\u00e9 plochy elektrody, intenzita proudu je minim\u00e1ln\u00ed a terapie bezbolestn\u00e1. U elektropunktury se pou\u017e\u00edv\u00e1 elektrick\u00e1 sonda, kter\u00e1 se p\u0159ikl\u00e1d\u00e1 na akupunkturn\u00ed body.<\/p><p>Pou\u017e\u00edv\u00e1 se pro odstra\u0148ov\u00e1n\u00ed akutn\u00ed i chronick\u00e9 bolesti pohybov\u00e9ho apar\u00e1tu u zv\u00ed\u0159at p\u0159i onemocn\u011bn\u00ed sval\u016f, kloub\u016f a p\u00e1te\u0159e. D\u00e1le i neuralgi\u00ed a nervov\u00fdch paral\u00fdz, poruch motorick\u00fdch funkc\u00ed. V\u00a0prevenci je elektropunktura nezastupiteln\u00e1 p\u0159i uvol\u0148ov\u00e1n\u00ed svalstva a p\u0159edch\u00e1zen\u00ed blok\u00e1d\u00e1m kloub\u016f a v\u00fdh\u0159ezu plot\u00e9nek.<\/p><p>Nejde jen o pouhou stimulaci sval\u016f a jejich uvoln\u011bn\u00ed, ale i o \u00fa\u010delov\u00e9 p\u016fsoben\u00ed na akupunkturn\u00ed body.<\/p>\t\t\t\t\t\t\t\t<\/div>\n\t\t\t\t<\/div>\n\t\t\t\t<div class=\"elementor-element elementor-element-f611422 elementor-widget elementor-widget-text-editor\" data-id=\"f611422\" data-element_type=\"widget\" data-widget_type=\"text-editor.default\">\n\t\t\t\t<div class=\"elementor-widget-container\">\n\t\t\t\t\t\t\t\t\t<h4><strong>Aktivn\u00ed pohyby, aktivn\u00ed cvi\u010den\u00ed<\/strong><\/h4><p>P\u0159i aktivn\u00edm cvi\u010den\u00ed je zapojen\u00e9 cel\u00e9 t\u011blo, pohyb, kter\u00fd je p\u0159irozenou sou\u010d\u00e1st\u00ed \u017eivota psa, je d\u016fle\u017eit\u00fd pro pacienty i pro sportovce. Cvi\u010den\u00ed obnovuje spr\u00e1vn\u00fd vzorec ch\u016fze, napom\u00e1h\u00e1 odstra\u0148ovat kulh\u00e1n\u00ed, udr\u017euje spr\u00e1vnou funkci sval\u016f, zlep\u0161uje v\u00fdkonnost svalov\u00e9 hmoty, tr\u00e9nuje koordinaci a propriocepci, zlep\u0161uje prokrven\u00ed a metabolismus sval\u016f a okoln\u00edch tk\u00e1n\u00ed. Pomoc\u00ed balan\u010dn\u00edho cvi\u010den\u00ed se velmi dob\u0159e rozv\u00edj\u00ed schopnost propriocepce a posiluje se hlubok\u00fd stabiliza\u010dn\u00ed syst\u00e9m. K tomu v\u0161emu se cvi\u010den\u00edm bojuje s obezitou a v neposledn\u00ed \u0159ad\u011b je to pro psy z\u00e1bava!<\/p><p>Aktivn\u00ed rehabilita\u010dn\u00ed cvi\u010den\u00ed je velice d\u016fle\u017eit\u00e1 sou\u010d\u00e1st rekonvalescence po operac\u00edch kloub\u016f a p\u00e1te\u0159e a pro posilov\u00e1n\u00ed svalstva. Nejd\u016fle\u017eit\u011bj\u0161\u00ed funkc\u00ed aktivn\u00edho cvi\u010den\u00ed je zv\u00fd\u0161en\u00ed pohyblivosti a zpevn\u011bn\u00ed sval\u016f. Po operac\u00edch p\u00e1te\u0159e, p\u0159i dysplazi\u00edch kloub\u016f, luxaci \u010d\u00e9\u0161ky nebo po\u00farazov\u00e9 rekonvalescenci je vhodn\u00e9 vyu\u017e\u00edt gymnastick\u00e9 m\u00ed\u010de a balan\u010dn\u00ed p\u016flm\u00ed\u010de a podlo\u017eky. Hluboko ulo\u017een\u00e9 svalstvo, kter\u00e9 je d\u016fle\u017eit\u00e9 pro obnovu pohybu po z\u00e1kroku posilujeme pomoc\u00ed mikropohyb\u016f p\u0159i balancov\u00e1n\u00ed.<\/p>\t\t\t\t\t\t\t\t<\/div>\n\t\t\t\t<\/div>\n\t\t\t\t<div class=\"elementor-element elementor-element-01f9794 elementor-widget elementor-widget-text-editor\" data-id=\"01f9794\" data-element_type=\"widget\" data-widget_type=\"text-editor.default\">\n\t\t\t\t<div class=\"elementor-widget-container\">\n\t\t\t\t\t\t\t\t\t<h4><strong>STRE\u010cINK<\/strong><\/h4><p>Stre\u010dinkov\u00e9 cvi\u010den\u00ed se pou\u017e\u00edv\u00e1 pro psy po operac\u00edch. Prov\u00e1d\u011bj\u00ed se pasivn\u00ed cviky a pohyby,<\/p><p>kter\u00e9 obnovuj\u00ed svalovou \u010dinnost a zvy\u0161uj\u00ed rozsah pohybu v kloubech. Pasivn\u00ed cviky pom\u00e1haj\u00ed<\/p><p>vr\u00e1tit klouby do spr\u00e1vn\u00e9 polohy, doch\u00e1z\u00ed k protahov\u00e1n\u00ed a spr\u00e1vn\u00e9mu oh\u00fdb\u00e1n\u00ed kon\u010detin.<\/p><p>D\u00edky tomu se zvy\u0161uje krevn\u00ed z\u00e1soben\u00ed do prozat\u00edm nefunk\u010dn\u00edho svalu a t\u00edm se zvy\u0161uje i rychlost\u00a0regenerace. Je d\u016fle\u017eit\u00e9 za\u010d\u00edt s rehabilitac\u00ed co nejd\u0159\u00edve,\u00a0jakmile to l\u00e9ka\u0159 doporu\u010d\u00ed.\u00a0<\/p><p>K atrofii sval\u016f\u00a0doch\u00e1z\u00ed velmi rychle a prodlu\u017euje rekonvalescenci.\u00a0<\/p>\t\t\t\t\t\t\t\t<\/div>\n\t\t\t\t<\/div>\n\t\t\t\t<div class=\"elementor-element elementor-element-e928f82 elementor-widget elementor-widget-text-editor\" data-id=\"e928f82\" data-element_type=\"widget\" data-widget_type=\"text-editor.default\">\n\t\t\t\t<div class=\"elementor-widget-container\">\n\t\t\t\t\t\t\t\t\t<h4><strong>MAGNETOTERAPIE<\/strong><\/h4><p>P\u016fsoben\u00ed n\u00edzkofrekven\u010dn\u00edho pulzn\u00edho magnetick\u00e9ho pole lze vyu\u017e\u00edt u cel\u00e9 \u0159ady obt\u00ed\u017e\u00ed a v rehabilitaci je velk\u00fdm pomocn\u00edkem. Zde jsou n\u011bkter\u00e9 z nejv\u00fdznamn\u011bj\u0161\u00edch v\u00fdhod, kter\u00e9 magnetoterapie p\u0159in\u00e1\u0161\u00ed:<\/p><h6>Biologick\u00e9 zm\u011bny ve tk\u00e1n\u00edch vznikaj\u00edc\u00ed na z\u00e1klad\u011b p\u016fsoben\u00ed pulzn\u00edho magnetick\u00e9ho pole jsou:<\/h6><p>&#8211; Ovlivn\u011bn\u00ed l\u00e1tkov\u00e9 v\u00fdm\u011bny(zv\u00fd\u0161en\u00e9 prokrven\u00ed,okysli\u010den\u00ed,z\u00e1soben\u00ed \u017eivinami,zlep\u0161en\u00ed odvodu zplodin<\/p><p>&#8211; Zlep\u0161en\u00ed prokrven\u00ed(vasodilatace,magnetizovan\u00e1 krev l\u00e9pe v\u00e1\u017ee kysl\u00edk,sn\u00ed\u017een\u00ed rizika tvorby tromb\u016f)<\/p><p>&#8211; Myorelaxace(urychluje odplaven\u00ed metabolit\u016f zp\u016fsobuj\u00edc\u00edch bolestiv\u00e9 dr\u00e1\u017ed\u011bn\u00ed v\u00a0m\u00edstech chronick\u00fdch z\u00e1n\u011bt\u016f)<\/p><p>&#8211; Urychlen\u00ed hojen\u00ed(aktivace tvorby nov\u00e9 zdrav\u00e9 tk\u00e1n\u011b-zlomeniny,zvy\u0161uje hladinu proteoglykan\u016f v\u00a0chrupakvk\u00e1ch-obnova funkce kloub\u016f,regenerace kloubn\u00edch chrupavek)<\/p><p>&#8211; Protibolestiv\u00fd efekt(indukuje vznik proud\u016f v\u00a0nervov\u00fdch vl\u00e1knech,kter\u00e9 blokuj\u00ed\u00a0 pr\u016fchodu bolestiv\u00fdch vjem\u016f,zv\u00fd\u0161en\u00e9 vyplaven\u00ed endorfin\u016f,zv\u00fd\u0161en\u00e9 odbour\u00e1v\u00e1n\u00ed\u00a0\u00a0 kyseliny ml\u00e9\u010dn\u00e9)<\/p><p>&#8211; Protiotokov\u00fd efekt (zrychlen\u00ed l\u00e1tkov\u00e9 v\u00fdm\u011bny)<\/p><h6>Nej\u010dast\u011bj\u0161\u00ed vyu\u017eit\u00ed\u00a0 u mal\u00fdch zv\u00ed\u0159at(psi, ko\u010dky,atd.)<\/h6><ul><li>podpora hojen\u00ed faktur<\/li><li>chronick\u00e9 kulh\u00e1n\u00ed, artr\u00f3za<\/li><li>dysplazie ky\u010deln\u00edch a loketn\u00edch kloub\u016f<\/li><li>spondylartr\u00f3zy, vertobrogenn\u00ed syndromy, bolesti p\u00e1te\u0159e<\/li><li>degenerativn\u00ed kloubn\u00ed onemocn\u011bn\u00ed<\/li><li>post\u00farazov\u00e9 stavy<\/li><li>dermatopatie (alergie, ekz\u00e9my, atd.)<\/li><li>jak\u00e9koliv p\u0159\u00edznaky bolesti<\/li><li>hojen\u00ed ve\u0161ker\u00fdch z\u00e1netliv\u00fdch stav\u016f<\/li><\/ul><p>U n\u00e1s pou\u017e\u00edv\u00e1me p\u0159\u00edstroj Biomag, kter\u00fd lze i zap\u016fj\u010dit dom\u016f.<\/p>\t\t\t\t\t\t\t\t<\/div>\n\t\t\t\t<\/div>\n\t\t\t\t<\/div>\n\t\t\t\t\t<\/div>\n\t\t\t\t<\/div>\n\t\t\t\t<\/div>\n\t\t","protected":false},"excerpt":{"rendered":"<p>Mas\u00e1\u017ee P\u0159in\u00e1\u0161ej\u00ed \u00falevu p\u0159i namo\u017een\u00ed sval\u016f, p\u0159i bolestech sval\u016f a odstra\u0148uj\u00ed svalov\u00e9 nap\u011bt\u00ed. Zm\u00edr\u0148uj\u00ed svalovou atrofii. Zlep\u0161uj\u00ed prokrven\u00ed svalstva a podporuj\u00ed cirkulaci m\u00edzn\u00edch tekutin. Pom\u00e1haj\u00ed odstranit svalovou ztuhlost a spasmy.\u00a0 Skv\u011ble p\u016fsob\u00ed na psychiku psa. Odstra\u0148uj\u00ed bolest a zabra\u0148uj\u00ed sr\u016fstu svalov\u00fdch vl\u00e1ken. Mas\u00e1\u017ee jsou \u00fa\u017easnou prevenc\u00ed, velmi sni\u017euj\u00ed riziko \u00farazu p\u0159i v\u00fdkonu, sni\u017euj\u00ed stres, zlep\u0161uj\u00ed&#8230;<\/p>\n","protected":false},"author":1,"featured_media":0,"parent":0,"menu_order":0,"comment_status":"closed","ping_status":"closed","template":"","meta":{"_kadence_starter_templates_imported_post":true,"_kad_post_transparent":"enable","_kad_post_title":"hide","_kad_post_layout":"fullwidth","_kad_post_sidebar_id":"","_kad_post_content_style":"unboxed","_kad_post_vertical_padding":"hide","_kad_post_feature":"hide","_kad_post_feature_position":"","_kad_post_header":false,"_kad_post_footer":false,"footnotes":""},"class_list":["post-693","page","type-page","status-publish","hentry"],"jetpack_sharing_enabled":true,"_links":{"self":[{"href":"https:\/\/www.rehabilitacepsu.cz\/index.php?rest_route=\/wp\/v2\/pages\/693","targetHints":{"allow":["GET"]}}],"collection":[{"href":"https:\/\/www.rehabilitacepsu.cz\/index.php?rest_route=\/wp\/v2\/pages"}],"about":[{"href":"https:\/\/www.rehabilitacepsu.cz\/index.php?rest_route=\/wp\/v2\/types\/page"}],"author":[{"embeddable":true,"href":"https:\/\/www.rehabilitacepsu.cz\/index.php?rest_route=\/wp\/v2\/users\/1"}],"replies":[{"embeddable":true,"href":"https:\/\/www.rehabilitacepsu.cz\/index.php?rest_route=%2Fwp%2Fv2%2Fcomments&post=693"}],"version-history":[{"count":14,"href":"https:\/\/www.rehabilitacepsu.cz\/index.php?rest_route=\/wp\/v2\/pages\/693\/revisions"}],"predecessor-version":[{"id":1589,"href":"https:\/\/www.rehabilitacepsu.cz\/index.php?rest_route=\/wp\/v2\/pages\/693\/revisions\/1589"}],"wp:attachment":[{"href":"https:\/\/www.rehabilitacepsu.cz\/index.php?rest_route=%2Fwp%2Fv2%2Fmedia&parent=693"}],"curies":[{"name":"wp","href":"https:\/\/api.w.org\/{rel}","templated":true}]}}