{"id":903,"date":"2020-10-20T12:23:17","date_gmt":"2020-10-20T09:23:17","guid":{"rendered":"https:\/\/www.grafas.org\/demo01\/?page_id=903"},"modified":"2025-04-09T13:16:48","modified_gmt":"2025-04-09T11:16:48","slug":"418-norman-street","status":"publish","type":"page","link":"https:\/\/www.rehabilitacepsu.cz\/?page_id=903","title":{"rendered":"REHABILITACE PS\u016e"},"content":{"rendered":"\t\t<div data-elementor-type=\"wp-page\" data-elementor-id=\"903\" class=\"elementor elementor-903\">\n\t\t\t\t\t\t<section class=\"elementor-section elementor-top-section elementor-element elementor-element-8828dd8 elementor-section-height-min-height elementor-section-items-bottom elementor-section-full_width elementor-section-height-default\" data-id=\"8828dd8\" data-element_type=\"section\" data-settings=\"{&quot;background_background&quot;:&quot;slideshow&quot;,&quot;background_slideshow_gallery&quot;:[{&quot;id&quot;:1311,&quot;url&quot;:&quot;https:\\\/\\\/www.rehabilitacepsu.cz\\\/wp-content\\\/uploads\\\/2025\\\/02\\\/241648536_2665118377129465_2092385204549800223_n-1.jpg&quot;},{&quot;id&quot;:130,&quot;url&quot;:&quot;https:\\\/\\\/www.rehabilitacepsu.cz\\\/wp-content\\\/uploads\\\/2024\\\/05\\\/DSC_2373-scaled.jpg&quot;},{&quot;id&quot;:127,&quot;url&quot;:&quot;https:\\\/\\\/www.rehabilitacepsu.cz\\\/wp-content\\\/uploads\\\/2024\\\/05\\\/DSC_2271-2-1-scaled.jpg&quot;},{&quot;id&quot;:1309,&quot;url&quot;:&quot;https:\\\/\\\/www.rehabilitacepsu.cz\\\/wp-content\\\/uploads\\\/2025\\\/02\\\/243014790_2676717772636192_7671030673889292781_n.jpg&quot;},{&quot;id&quot;:121,&quot;url&quot;:&quot;https:\\\/\\\/www.rehabilitacepsu.cz\\\/wp-content\\\/uploads\\\/2024\\\/05\\\/DSC_1992-scaled.jpg&quot;}],&quot;background_slideshow_loop&quot;:&quot;yes&quot;,&quot;background_slideshow_slide_duration&quot;:5000,&quot;background_slideshow_slide_transition&quot;:&quot;fade&quot;,&quot;background_slideshow_transition_duration&quot;:500}\">\n\t\t\t\t\t\t\t<div class=\"elementor-background-overlay\"><\/div>\n\t\t\t\t\t\t\t<div class=\"elementor-container elementor-column-gap-default\">\n\t\t\t\t\t<div class=\"elementor-column elementor-col-100 elementor-top-column elementor-element elementor-element-6d43801\" data-id=\"6d43801\" data-element_type=\"column\">\n\t\t\t<div class=\"elementor-widget-wrap elementor-element-populated\">\n\t\t\t\t\t\t<section class=\"elementor-section elementor-inner-section elementor-element elementor-element-e8a5bad elementor-section-boxed elementor-section-height-default elementor-section-height-default\" data-id=\"e8a5bad\" data-element_type=\"section\" data-settings=\"{&quot;background_background&quot;:&quot;gradient&quot;}\">\n\t\t\t\t\t\t\t<div class=\"elementor-background-overlay\"><\/div>\n\t\t\t\t\t\t\t<div class=\"elementor-container elementor-column-gap-default\">\n\t\t\t\t\t<div class=\"elementor-column elementor-col-50 elementor-inner-column elementor-element elementor-element-1d8ac37\" data-id=\"1d8ac37\" data-element_type=\"column\">\n\t\t\t<div class=\"elementor-widget-wrap elementor-element-populated\">\n\t\t\t\t\t\t<div class=\"elementor-element elementor-element-31c8d6d elementor-widget elementor-widget-heading\" data-id=\"31c8d6d\" data-element_type=\"widget\" data-widget_type=\"heading.default\">\n\t\t\t\t<div class=\"elementor-widget-container\">\n\t\t\t\t\t<h2 class=\"elementor-heading-title elementor-size-default\">Rehabilitace ps\u016f<\/h2>\t\t\t\t<\/div>\n\t\t\t\t<\/div>\n\t\t\t\t<div class=\"elementor-element elementor-element-95a32b3 elementor-widget elementor-widget-heading\" data-id=\"95a32b3\" data-element_type=\"widget\" data-widget_type=\"heading.default\">\n\t\t\t\t<div class=\"elementor-widget-container\">\n\t\t\t\t\t<span class=\"elementor-heading-title elementor-size-default\">Bc. Hana Krausov\u00e1<\/span>\t\t\t\t<\/div>\n\t\t\t\t<\/div>\n\t\t\t\t\t<\/div>\n\t\t<\/div>\n\t\t\t\t<div class=\"elementor-column elementor-col-50 elementor-inner-column elementor-element elementor-element-5c0c994\" data-id=\"5c0c994\" data-element_type=\"column\" data-settings=\"{&quot;background_background&quot;:&quot;classic&quot;}\">\n\t\t\t<div class=\"elementor-widget-wrap elementor-element-populated\">\n\t\t\t\t\t\t<div class=\"elementor-element elementor-element-ddd2e68 elementor-widget elementor-widget-heading\" data-id=\"ddd2e68\" data-element_type=\"widget\" data-widget_type=\"heading.default\">\n\t\t\t\t<div class=\"elementor-widget-container\">\n\t\t\t\t\t<h3 class=\"elementor-heading-title elementor-size-default\">Zru\u010d - Senec, Na V\u00fdslun\u00ed 490<\/h3>\t\t\t\t<\/div>\n\t\t\t\t<\/div>\n\t\t\t\t\t<\/div>\n\t\t<\/div>\n\t\t\t\t\t<\/div>\n\t\t<\/section>\n\t\t\t\t\t<\/div>\n\t\t<\/div>\n\t\t\t\t\t<\/div>\n\t\t<\/section>\n\t\t\t\t<section class=\"elementor-section elementor-top-section elementor-element elementor-element-bb2bcb0 elementor-section-boxed elementor-section-height-default elementor-section-height-default\" data-id=\"bb2bcb0\" data-element_type=\"section\" id=\"info\">\n\t\t\t\t\t\t<div class=\"elementor-container elementor-column-gap-default\">\n\t\t\t\t\t<div class=\"elementor-column elementor-col-50 elementor-top-column elementor-element elementor-element-4444ff6\" data-id=\"4444ff6\" data-element_type=\"column\">\n\t\t\t<div class=\"elementor-widget-wrap elementor-element-populated\">\n\t\t\t\t\t\t<div class=\"elementor-element elementor-element-76ca783 elementor-widget elementor-widget-text-editor\" data-id=\"76ca783\" data-element_type=\"widget\" data-widget_type=\"text-editor.default\">\n\t\t\t\t<div class=\"elementor-widget-container\">\n\t\t\t\t\t\t\t\t\t<p>U n\u00e1s nab\u00edz\u00edme komplexn\u00ed a kvalifikovanou rehabilitaci ps\u016f\u00a0a\u00a0dal\u0161\u00edch mal\u00fdch zv\u00ed\u0159at. V\u011bnujeme se hlavn\u011b ps\u016fm po operaci nebo \u00faraze. D\u00e1le preventivn\u00ed fyzioterapii u sportovc\u016f i mazl\u00edk\u016f a chronicky bolestiv\u00fdm stav\u016fm pohybov\u00e9ho apar\u00e1tu. Svoj\u00ed vlastn\u00ed skupinku maj\u00ed ps\u00ed senio\u0159i, t\u011bm pohyb ve van\u011b a laser moc pom\u00e1h\u00e1 prodlou\u017eit si aktivn\u00ed \u017eivot.\u00a0\u00a0<\/p><p>Nej\u00fa\u010dinn\u011bji odstran\u00edme bolest, kdy\u017e spr\u00e1vn\u011b pou\u017eijeme kombinaci pohybov\u00e9, fyzik\u00e1ln\u00ed a manu\u00e1ln\u00ed terapie. Takto navr\u00e1time funkci po\u0161kozen\u00fdm a nam\u00e1han\u00fdm tk\u00e1n\u00edm &#8211; kostem, sval\u016fm, kloub\u016fm, nerv\u016fm, aj.<\/p><p>Jsme \u0161pi\u010dkov\u011b vybaveni. Vyu\u017e\u00edv\u00e1me v r\u00e1mci terapie profesion\u00e1ln\u00ed hydroterapeutickou vanu\u00a0\u00a0\u00a0a vysokov\u00fdkonn\u00fd\u00a0MLS terapeutick\u00fd veterin\u00e1rn\u00ed laser\u00a0zna\u010dky ASAlaser<\/p>\t\t\t\t\t\t\t\t<\/div>\n\t\t\t\t<\/div>\n\t\t\t\t\t<\/div>\n\t\t<\/div>\n\t\t\t\t<div class=\"elementor-column elementor-col-50 elementor-top-column elementor-element elementor-element-0bf4016\" data-id=\"0bf4016\" data-element_type=\"column\">\n\t\t\t<div class=\"elementor-widget-wrap elementor-element-populated\">\n\t\t\t\t\t\t<div class=\"elementor-element elementor-element-8f8da57 elementor-widget elementor-widget-heading\" data-id=\"8f8da57\" data-element_type=\"widget\" data-widget_type=\"heading.default\">\n\t\t\t\t<div class=\"elementor-widget-container\">\n\t\t\t\t\t<h4 class=\"elementor-heading-title elementor-size-default\">Zam\u011b\u0159ujeme se na <br><br>- ortopedick\u00e9 pacienty<br>- neurologick\u00e9 pacienty <br>- sportovn\u00ed a pracovn\u00ed psi<br>- geriatrick\u00e9 pacienty<br>- ostatn\u00ed (nap\u0159. nadv\u00e1ha, nasvalen\u00ed)<br><\/h4>\t\t\t\t<\/div>\n\t\t\t\t<\/div>\n\t\t\t\t\t<\/div>\n\t\t<\/div>\n\t\t\t\t\t<\/div>\n\t\t<\/section>\n\t\t\t\t<section class=\"elementor-section elementor-top-section elementor-element elementor-element-35121d5 elementor-section-boxed elementor-section-height-default elementor-section-height-default\" data-id=\"35121d5\" data-element_type=\"section\">\n\t\t\t\t\t\t<div class=\"elementor-container elementor-column-gap-default\">\n\t\t\t\t\t<div class=\"elementor-column elementor-col-100 elementor-top-column elementor-element elementor-element-64bce09\" data-id=\"64bce09\" data-element_type=\"column\">\n\t\t\t<div class=\"elementor-widget-wrap elementor-element-populated\">\n\t\t\t\t\t\t<div class=\"elementor-element elementor-element-5f98322 elementor-widget-divider--view-line elementor-widget elementor-widget-divider\" data-id=\"5f98322\" data-element_type=\"widget\" data-widget_type=\"divider.default\">\n\t\t\t\t<div class=\"elementor-widget-container\">\n\t\t\t\t\t\t\t<div class=\"elementor-divider\">\n\t\t\t<span class=\"elementor-divider-separator\">\n\t\t\t\t\t\t<\/span>\n\t\t<\/div>\n\t\t\t\t\t\t<\/div>\n\t\t\t\t<\/div>\n\t\t\t\t<div class=\"elementor-element elementor-element-f13071f elementor-arrows-position-inside elementor-widget elementor-widget-image-carousel\" data-id=\"f13071f\" data-element_type=\"widget\" data-settings=\"{&quot;slides_to_show&quot;:&quot;1&quot;,&quot;navigation&quot;:&quot;arrows&quot;,&quot;autoplay&quot;:&quot;yes&quot;,&quot;pause_on_hover&quot;:&quot;yes&quot;,&quot;pause_on_interaction&quot;:&quot;yes&quot;,&quot;autoplay_speed&quot;:5000,&quot;infinite&quot;:&quot;yes&quot;,&quot;effect&quot;:&quot;slide&quot;,&quot;speed&quot;:500}\" data-widget_type=\"image-carousel.default\">\n\t\t\t\t<div class=\"elementor-widget-container\">\n\t\t\t\t\t\t\t<div class=\"elementor-image-carousel-wrapper swiper\" role=\"region\" aria-roledescription=\"carousel\" aria-label=\"Obr\u00e1zkov\u00fd koloto\u010d\" dir=\"ltr\">\n\t\t\t<div class=\"elementor-image-carousel swiper-wrapper swiper-image-stretch\" aria-live=\"off\">\n\t\t\t\t\t\t\t\t<div class=\"swiper-slide\" role=\"group\" aria-roledescription=\"slide\" aria-label=\"1 z 5\"><figure class=\"swiper-slide-inner\"><img decoding=\"async\" class=\"swiper-slide-image\" src=\"https:\/\/www.rehabilitacepsu.cz\/wp-content\/uploads\/2025\/03\/DSC_1842-scaled.jpg\" alt=\"DSC_1842\" \/><\/figure><\/div><div class=\"swiper-slide\" role=\"group\" aria-roledescription=\"slide\" aria-label=\"2 z 5\"><figure class=\"swiper-slide-inner\"><img decoding=\"async\" class=\"swiper-slide-image\" src=\"https:\/\/www.rehabilitacepsu.cz\/wp-content\/uploads\/2024\/05\/241663512_2665136450460991_4654372090879984476_n.jpg\" alt=\"241663512_2665136450460991_4654372090879984476_n\" \/><\/figure><\/div><div class=\"swiper-slide\" role=\"group\" aria-roledescription=\"slide\" aria-label=\"3 z 5\"><figure class=\"swiper-slide-inner\"><img decoding=\"async\" class=\"swiper-slide-image\" src=\"https:\/\/www.rehabilitacepsu.cz\/wp-content\/uploads\/2024\/05\/DSC_2271-2-scaled.jpg\" alt=\"DSC_2271-2\" \/><\/figure><\/div><div class=\"swiper-slide\" role=\"group\" aria-roledescription=\"slide\" aria-label=\"4 z 5\"><figure class=\"swiper-slide-inner\"><img decoding=\"async\" class=\"swiper-slide-image\" src=\"https:\/\/www.rehabilitacepsu.cz\/wp-content\/uploads\/2024\/05\/DSC_2520-scaled.jpg\" alt=\"DSC_2520\" \/><\/figure><\/div><div class=\"swiper-slide\" role=\"group\" aria-roledescription=\"slide\" aria-label=\"5 z 5\"><figure class=\"swiper-slide-inner\"><img decoding=\"async\" class=\"swiper-slide-image\" src=\"https:\/\/www.rehabilitacepsu.cz\/wp-content\/uploads\/2024\/05\/241648536_2665118377129465_2092385204549800223_n.jpg\" alt=\"241648536_2665118377129465_2092385204549800223_n\" \/><\/figure><\/div>\t\t\t<\/div>\n\t\t\t\t\t\t\t\t\t\t\t\t<div class=\"elementor-swiper-button elementor-swiper-button-prev\" role=\"button\" tabindex=\"0\">\n\t\t\t\t\t\t<svg aria-hidden=\"true\" class=\"e-font-icon-svg e-eicon-chevron-left\" viewBox=\"0 0 1000 1000\" xmlns=\"http:\/\/www.w3.org\/2000\/svg\"><path d=\"M646 125C629 125 613 133 604 142L308 442C296 454 292 471 292 487 292 504 296 521 308 533L604 854C617 867 629 875 646 875 663 875 679 871 692 858 704 846 713 829 713 812 713 796 708 779 692 767L438 487 692 225C700 217 708 204 708 187 708 171 704 154 692 142 675 129 663 125 646 125Z\"><\/path><\/svg>\t\t\t\t\t<\/div>\n\t\t\t\t\t<div class=\"elementor-swiper-button elementor-swiper-button-next\" role=\"button\" tabindex=\"0\">\n\t\t\t\t\t\t<svg aria-hidden=\"true\" class=\"e-font-icon-svg e-eicon-chevron-right\" viewBox=\"0 0 1000 1000\" xmlns=\"http:\/\/www.w3.org\/2000\/svg\"><path d=\"M696 533C708 521 713 504 713 487 713 471 708 454 696 446L400 146C388 133 375 125 354 125 338 125 325 129 313 142 300 154 292 171 292 187 292 204 296 221 308 233L563 492 304 771C292 783 288 800 288 817 288 833 296 850 308 863 321 871 338 875 354 875 371 875 388 867 400 854L696 533Z\"><\/path><\/svg>\t\t\t\t\t<\/div>\n\t\t\t\t\n\t\t\t\t\t\t\t\t\t<\/div>\n\t\t\t\t\t\t<\/div>\n\t\t\t\t<\/div>\n\t\t\t\t\t<\/div>\n\t\t<\/div>\n\t\t\t\t\t<\/div>\n\t\t<\/section>\n\t\t\t\t<section class=\"elementor-section elementor-top-section elementor-element elementor-element-2165e72 elementor-section-boxed elementor-section-height-default elementor-section-height-default\" data-id=\"2165e72\" data-element_type=\"section\" data-settings=\"{&quot;background_background&quot;:&quot;classic&quot;}\">\n\t\t\t\t\t\t\t<div class=\"elementor-background-overlay\"><\/div>\n\t\t\t\t\t\t\t<div class=\"elementor-container elementor-column-gap-wider\">\n\t\t\t\t\t<div class=\"elementor-column elementor-col-33 elementor-top-column elementor-element elementor-element-1878061\" data-id=\"1878061\" data-element_type=\"column\">\n\t\t\t<div class=\"elementor-widget-wrap elementor-element-populated\">\n\t\t\t\t\t\t<div class=\"elementor-element elementor-element-2b3a26c elementor-widget elementor-widget-heading\" data-id=\"2b3a26c\" data-element_type=\"widget\" data-widget_type=\"heading.default\">\n\t\t\t\t<div class=\"elementor-widget-container\">\n\t\t\t\t\t<h6 class=\"elementor-heading-title elementor-size-default\">Informace<\/h6>\t\t\t\t<\/div>\n\t\t\t\t<\/div>\n\t\t\t\t<div class=\"elementor-element elementor-element-c6bdbfb elementor-widget elementor-widget-heading\" data-id=\"c6bdbfb\" data-element_type=\"widget\" data-widget_type=\"heading.default\">\n\t\t\t\t<div class=\"elementor-widget-container\">\n\t\t\t\t\t<h2 class=\"elementor-heading-title elementor-size-default\">Kontakt <\/h2>\t\t\t\t<\/div>\n\t\t\t\t<\/div>\n\t\t\t\t<div class=\"elementor-element elementor-element-db9ef3c elementor-widget elementor-widget-text-editor\" data-id=\"db9ef3c\" data-element_type=\"widget\" data-widget_type=\"text-editor.default\">\n\t\t\t\t<div class=\"elementor-widget-container\">\n\t\t\t\t\t\t\t\t\t<p>Email: rehabilitacepsu@seznam.cz<\/p><p>Tel. 605888454<\/p>\t\t\t\t\t\t\t\t<\/div>\n\t\t\t\t<\/div>\n\t\t\t\t\t<\/div>\n\t\t<\/div>\n\t\t\t\t<div class=\"elementor-column elementor-col-33 elementor-top-column elementor-element elementor-element-6ff2d5e\" data-id=\"6ff2d5e\" data-element_type=\"column\">\n\t\t\t<div class=\"elementor-widget-wrap elementor-element-populated\">\n\t\t\t\t\t\t<div class=\"elementor-element elementor-element-5d9c76f elementor-widget elementor-widget-image\" data-id=\"5d9c76f\" data-element_type=\"widget\" data-widget_type=\"image.default\">\n\t\t\t\t<div class=\"elementor-widget-container\">\n\t\t\t\t\t\t\t\t\t\t\t\t\t\t\t<img fetchpriority=\"high\" decoding=\"async\" width=\"1024\" height=\"681\" src=\"https:\/\/www.rehabilitacepsu.cz\/wp-content\/uploads\/2024\/05\/DSC_1960-1024x681.jpg\" class=\"attachment-large size-large wp-image-119\" alt=\"\" srcset=\"https:\/\/www.rehabilitacepsu.cz\/wp-content\/uploads\/2024\/05\/DSC_1960-1024x681.jpg 1024w, https:\/\/www.rehabilitacepsu.cz\/wp-content\/uploads\/2024\/05\/DSC_1960-scaled-600x399.jpg 600w, https:\/\/www.rehabilitacepsu.cz\/wp-content\/uploads\/2024\/05\/DSC_1960-300x200.jpg 300w, https:\/\/www.rehabilitacepsu.cz\/wp-content\/uploads\/2024\/05\/DSC_1960-768x511.jpg 768w, https:\/\/www.rehabilitacepsu.cz\/wp-content\/uploads\/2024\/05\/DSC_1960-1536x1022.jpg 1536w, https:\/\/www.rehabilitacepsu.cz\/wp-content\/uploads\/2024\/05\/DSC_1960-2048x1363.jpg 2048w, https:\/\/www.rehabilitacepsu.cz\/wp-content\/uploads\/2024\/05\/DSC_1960-720x479.jpg 720w\" sizes=\"(max-width: 1024px) 100vw, 1024px\" \/>\t\t\t\t\t\t\t\t\t\t\t\t\t\t\t<\/div>\n\t\t\t\t<\/div>\n\t\t\t\t\t<\/div>\n\t\t<\/div>\n\t\t\t\t<div class=\"elementor-column elementor-col-33 elementor-top-column elementor-element elementor-element-f49e370\" data-id=\"f49e370\" data-element_type=\"column\">\n\t\t\t<div class=\"elementor-widget-wrap elementor-element-populated\">\n\t\t\t\t\t\t<div class=\"elementor-element elementor-element-7fafcb4 elementor-widget elementor-widget-heading\" data-id=\"7fafcb4\" data-element_type=\"widget\" data-widget_type=\"heading.default\">\n\t\t\t\t<div class=\"elementor-widget-container\">\n\t\t\t\t\t<h3 class=\"elementor-heading-title elementor-size-default\">Kontaktujte m\u011b<\/h3>\t\t\t\t<\/div>\n\t\t\t\t<\/div>\n\t\t\t\t<div class=\"elementor-element elementor-element-b607c43 elementor-widget elementor-widget-text-editor\" data-id=\"b607c43\" data-element_type=\"widget\" data-widget_type=\"text-editor.default\">\n\t\t\t\t<div class=\"elementor-widget-container\">\n\t\t\t\t\t\t\t\t\t<p>Pokud nezved\u00e1m telefon, pracuji. Pros\u00edm o zasl\u00e1n\u00ed sms nebo emailu a j\u00e1 V\u00e1m co nejd\u0159\u00edve odpov\u00edm. <\/p>\t\t\t\t\t\t\t\t<\/div>\n\t\t\t\t<\/div>\n\t\t\t\t\t<\/div>\n\t\t<\/div>\n\t\t\t\t\t<\/div>\n\t\t<\/section>\n\t\t\t\t<\/div>\n\t\t","protected":false},"excerpt":{"rendered":"<p>Rehabilitace ps\u016f Bc. Hana Krausov\u00e1 Zru\u010d &#8211; Senec, Na V\u00fdslun\u00ed 490 U n\u00e1s nab\u00edz\u00edme komplexn\u00ed a kvalifikovanou rehabilitaci ps\u016f\u00a0a\u00a0dal\u0161\u00edch mal\u00fdch zv\u00ed\u0159at. V\u011bnujeme se hlavn\u011b ps\u016fm po operaci nebo \u00faraze. D\u00e1le preventivn\u00ed fyzioterapii u sportovc\u016f i mazl\u00edk\u016f a chronicky bolestiv\u00fdm stav\u016fm pohybov\u00e9ho apar\u00e1tu. Svoj\u00ed vlastn\u00ed skupinku maj\u00ed ps\u00ed senio\u0159i, t\u011bm pohyb ve van\u011b a laser moc&#8230;<\/p>\n","protected":false},"author":1,"featured_media":0,"parent":0,"menu_order":0,"comment_status":"closed","ping_status":"closed","template":"elementor_header_footer","meta":{"_kadence_starter_templates_imported_post":true,"_kad_post_transparent":"","_kad_post_title":"hide","_kad_post_layout":"normal","_kad_post_sidebar_id":"","_kad_post_content_style":"unboxed","_kad_post_vertical_padding":"hide","_kad_post_feature":"hide","_kad_post_feature_position":"","_kad_post_header":false,"_kad_post_footer":false,"footnotes":""},"class_list":["post-903","page","type-page","status-publish","hentry"],"jetpack_sharing_enabled":true,"_links":{"self":[{"href":"https:\/\/www.rehabilitacepsu.cz\/index.php?rest_route=\/wp\/v2\/pages\/903","targetHints":{"allow":["GET"]}}],"collection":[{"href":"https:\/\/www.rehabilitacepsu.cz\/index.php?rest_route=\/wp\/v2\/pages"}],"about":[{"href":"https:\/\/www.rehabilitacepsu.cz\/index.php?rest_route=\/wp\/v2\/types\/page"}],"author":[{"embeddable":true,"href":"https:\/\/www.rehabilitacepsu.cz\/index.php?rest_route=\/wp\/v2\/users\/1"}],"replies":[{"embeddable":true,"href":"https:\/\/www.rehabilitacepsu.cz\/index.php?rest_route=%2Fwp%2Fv2%2Fcomments&post=903"}],"version-history":[{"count":22,"href":"https:\/\/www.rehabilitacepsu.cz\/index.php?rest_route=\/wp\/v2\/pages\/903\/revisions"}],"predecessor-version":[{"id":1718,"href":"https:\/\/www.rehabilitacepsu.cz\/index.php?rest_route=\/wp\/v2\/pages\/903\/revisions\/1718"}],"wp:attachment":[{"href":"https:\/\/www.rehabilitacepsu.cz\/index.php?rest_route=%2Fwp%2Fv2%2Fmedia&parent=903"}],"curies":[{"name":"wp","href":"https:\/\/api.w.org\/{rel}","templated":true}]}}